{"id":2603,"date":"2020-11-03T16:01:29","date_gmt":"2020-11-03T16:01:29","guid":{"rendered":"https:\/\/mamashelter.com\/prague\/nabidky\/"},"modified":"2026-03-02T16:03:37","modified_gmt":"2026-03-02T16:03:37","slug":"nabidky","status":"publish","type":"page","link":"https:\/\/cs.mamashelter.com\/prague\/nabidky\/","title":{"rendered":"Na\u0161e nab\u00eddky"},"content":{"rendered":"","protected":false},"excerpt":{"rendered":"","protected":false},"author":6,"featured_media":0,"parent":0,"menu_order":35,"comment_status":"closed","ping_status":"closed","template":"page-offer.php","meta":{"footnotes":""},"class_list":["post-2603","page","type-page","status-publish","hentry"],"acf":[],"yoast_head":"<!-- This site is optimized with the Yoast SEO plugin v20.13 - https:\/\/yoast.com\/wordpress\/plugins\/seo\/ -->\n<title>Nab\u00eddky, hot deals a propaga\u010dn\u00ed akce | Mama Shelter Prague<\/title>\n<meta name=\"description\" content=\"Na\u0161e nab\u00eddky, hot deals a propaga\u010dn\u00ed akce, abyste si sv\u016fj pobyt u\u017eili v Mama Shelter Prague je\u0161t\u011b v\u00edce. Pod\u00edvejte se!\" \/>\n<meta name=\"robots\" content=\"index, follow, max-snippet:-1, max-image-preview:large, max-video-preview:-1\" \/>\n<link rel=\"canonical\" href=\"https:\/\/cs.mamashelter.com\/prague\/nabidky\/\" \/>\n<meta property=\"og:locale\" content=\"cs_CZ\" \/>\n<meta property=\"og:type\" content=\"article\" \/>\n<meta property=\"og:title\" content=\"Nab\u00eddky, hot deals a propaga\u010dn\u00ed akce | Mama Shelter Prague\" \/>\n<meta property=\"og:description\" content=\"Na\u0161e nab\u00eddky, hot deals a propaga\u010dn\u00ed akce, abyste si sv\u016fj pobyt u\u017eili v Mama Shelter Prague je\u0161t\u011b v\u00edce. Pod\u00edvejte se!\" \/>\n<meta property=\"og:url\" content=\"https:\/\/cs.mamashelter.com\/prague\/nabidky\/\" \/>\n<meta property=\"og:site_name\" content=\"Prague\" \/>\n<meta property=\"article:modified_time\" content=\"2026-03-02T16:03:37+00:00\" \/>\n<meta name=\"twitter:card\" content=\"summary_large_image\" \/>\n<script type=\"application\/ld+json\" class=\"yoast-schema-graph\">{\"@context\":\"https:\/\/schema.org\",\"@graph\":[{\"@type\":\"WebPage\",\"@id\":\"https:\/\/cs.mamashelter.com\/prague\/nabidky\/\",\"url\":\"https:\/\/cs.mamashelter.com\/prague\/nabidky\/\",\"name\":\"Nab\u00eddky, hot deals a propaga\u010dn\u00ed akce | Mama Shelter Prague\",\"isPartOf\":{\"@id\":\"https:\/\/cs.mamashelter.com\/prague\/#website\"},\"datePublished\":\"2020-11-03T16:01:29+00:00\",\"dateModified\":\"2026-03-02T16:03:37+00:00\",\"description\":\"Na\u0161e nab\u00eddky, hot deals a propaga\u010dn\u00ed akce, abyste si sv\u016fj pobyt u\u017eili v Mama Shelter Prague je\u0161t\u011b v\u00edce. Pod\u00edvejte se!\",\"breadcrumb\":{\"@id\":\"https:\/\/cs.mamashelter.com\/prague\/nabidky\/#breadcrumb\"},\"inLanguage\":\"cs\",\"potentialAction\":[{\"@type\":\"ReadAction\",\"target\":[\"https:\/\/cs.mamashelter.com\/prague\/nabidky\/\"]}]},{\"@type\":\"BreadcrumbList\",\"@id\":\"https:\/\/cs.mamashelter.com\/prague\/nabidky\/#breadcrumb\",\"itemListElement\":[{\"@type\":\"ListItem\",\"position\":1,\"name\":\"Home\",\"item\":\"https:\/\/cs.mamashelter.com\/prague\/\"},{\"@type\":\"ListItem\",\"position\":2,\"name\":\"Na\u0161e nab\u00eddky\"}]},{\"@type\":\"WebSite\",\"@id\":\"https:\/\/cs.mamashelter.com\/prague\/#website\",\"url\":\"https:\/\/cs.mamashelter.com\/prague\/\",\"name\":\"Prague\",\"description\":\"Mama Shelter\",\"potentialAction\":[{\"@type\":\"SearchAction\",\"target\":{\"@type\":\"EntryPoint\",\"urlTemplate\":\"https:\/\/cs.mamashelter.com\/prague\/?s={search_term_string}\"},\"query-input\":\"required name=search_term_string\"}],\"inLanguage\":\"cs\"}]}<\/script>\n<!-- \/ Yoast SEO plugin. -->","yoast_head_json":{"title":"Nab\u00eddky, hot deals a propaga\u010dn\u00ed akce | Mama Shelter Prague","description":"Na\u0161e nab\u00eddky, hot deals a propaga\u010dn\u00ed akce, abyste si sv\u016fj pobyt u\u017eili v Mama Shelter Prague je\u0161t\u011b v\u00edce. Pod\u00edvejte se!","robots":{"index":"index","follow":"follow","max-snippet":"max-snippet:-1","max-image-preview":"max-image-preview:large","max-video-preview":"max-video-preview:-1"},"canonical":"https:\/\/cs.mamashelter.com\/prague\/nabidky\/","og_locale":"cs_CZ","og_type":"article","og_title":"Nab\u00eddky, hot deals a propaga\u010dn\u00ed akce | Mama Shelter Prague","og_description":"Na\u0161e nab\u00eddky, hot deals a propaga\u010dn\u00ed akce, abyste si sv\u016fj pobyt u\u017eili v Mama Shelter Prague je\u0161t\u011b v\u00edce. Pod\u00edvejte se!","og_url":"https:\/\/cs.mamashelter.com\/prague\/nabidky\/","og_site_name":"Prague","article_modified_time":"2026-03-02T16:03:37+00:00","twitter_card":"summary_large_image","schema":{"@context":"https:\/\/schema.org","@graph":[{"@type":"WebPage","@id":"https:\/\/cs.mamashelter.com\/prague\/nabidky\/","url":"https:\/\/cs.mamashelter.com\/prague\/nabidky\/","name":"Nab\u00eddky, hot deals a propaga\u010dn\u00ed akce | Mama Shelter Prague","isPartOf":{"@id":"https:\/\/cs.mamashelter.com\/prague\/#website"},"datePublished":"2020-11-03T16:01:29+00:00","dateModified":"2026-03-02T16:03:37+00:00","description":"Na\u0161e nab\u00eddky, hot deals a propaga\u010dn\u00ed akce, abyste si sv\u016fj pobyt u\u017eili v Mama Shelter Prague je\u0161t\u011b v\u00edce. Pod\u00edvejte se!","breadcrumb":{"@id":"https:\/\/cs.mamashelter.com\/prague\/nabidky\/#breadcrumb"},"inLanguage":"cs","potentialAction":[{"@type":"ReadAction","target":["https:\/\/cs.mamashelter.com\/prague\/nabidky\/"]}]},{"@type":"BreadcrumbList","@id":"https:\/\/cs.mamashelter.com\/prague\/nabidky\/#breadcrumb","itemListElement":[{"@type":"ListItem","position":1,"name":"Home","item":"https:\/\/cs.mamashelter.com\/prague\/"},{"@type":"ListItem","position":2,"name":"Na\u0161e nab\u00eddky"}]},{"@type":"WebSite","@id":"https:\/\/cs.mamashelter.com\/prague\/#website","url":"https:\/\/cs.mamashelter.com\/prague\/","name":"Prague","description":"Mama Shelter","potentialAction":[{"@type":"SearchAction","target":{"@type":"EntryPoint","urlTemplate":"https:\/\/cs.mamashelter.com\/prague\/?s={search_term_string}"},"query-input":"required name=search_term_string"}],"inLanguage":"cs"}]}},"jetpack_sharing_enabled":true,"_links":{"self":[{"href":"https:\/\/cs.mamashelter.com\/prague\/wp-json\/wp\/v2\/pages\/2603","targetHints":{"allow":["GET"]}}],"collection":[{"href":"https:\/\/cs.mamashelter.com\/prague\/wp-json\/wp\/v2\/pages"}],"about":[{"href":"https:\/\/cs.mamashelter.com\/prague\/wp-json\/wp\/v2\/types\/page"}],"author":[{"embeddable":true,"href":"https:\/\/cs.mamashelter.com\/prague\/wp-json\/wp\/v2\/users\/6"}],"replies":[{"embeddable":true,"href":"https:\/\/cs.mamashelter.com\/prague\/wp-json\/wp\/v2\/comments?post=2603"}],"version-history":[{"count":1,"href":"https:\/\/cs.mamashelter.com\/prague\/wp-json\/wp\/v2\/pages\/2603\/revisions"}],"predecessor-version":[{"id":5143,"href":"https:\/\/cs.mamashelter.com\/prague\/wp-json\/wp\/v2\/pages\/2603\/revisions\/5143"}],"wp:attachment":[{"href":"https:\/\/cs.mamashelter.com\/prague\/wp-json\/wp\/v2\/media?parent=2603"}],"curies":[{"name":"wp","href":"https:\/\/api.w.org\/{rel}","templated":true}]}}