{"id":2637,"date":"2020-11-04T17:03:06","date_gmt":"2020-11-04T17:03:06","guid":{"rendered":"https:\/\/mamashelter.com\/prague\/terasa\/"},"modified":"2025-11-21T14:59:14","modified_gmt":"2025-11-21T14:59:14","slug":"terasa","status":"publish","type":"page","link":"https:\/\/cs.mamashelter.com\/prague\/jidlo-piti\/terasa\/","title":{"rendered":"Terasa"},"content":{"rendered":"","protected":false},"excerpt":{"rendered":"","protected":false},"author":7,"featured_media":0,"parent":2655,"menu_order":58,"comment_status":"closed","ping_status":"closed","template":"","meta":{"footnotes":""},"class_list":["post-2637","page","type-page","status-publish","hentry"],"acf":[],"yoast_head":"<!-- This site is optimized with the Yoast SEO plugin v20.13 - https:\/\/yoast.com\/wordpress\/plugins\/seo\/ -->\n<title>Terasa: terasa s jedine\u010dn\u00fdm prost\u0159ed\u00edm v Prague | Mama Shelter<\/title>\n<meta name=\"description\" content=\"U\u017eijte si p\u0159\u00edjemn\u00e9 ve\u010dery v Prague na terase Mama Shelter - ide\u00e1ln\u00ed na ve\u010de\u0159i nebo posezen\u00ed s drinkem. N\u00e1\u0161 usm\u011bvav\u00fd person\u00e1l na v\u00e1s ji\u017e \u010dek\u00e1.\" \/>\n<meta name=\"robots\" content=\"index, follow, max-snippet:-1, max-image-preview:large, max-video-preview:-1\" \/>\n<link rel=\"canonical\" href=\"https:\/\/cs.mamashelter.com\/prague\/jidlo-piti\/terasa\/\" \/>\n<meta property=\"og:locale\" content=\"cs_CZ\" \/>\n<meta property=\"og:type\" content=\"article\" \/>\n<meta property=\"og:title\" content=\"Terasa: terasa s jedine\u010dn\u00fdm prost\u0159ed\u00edm v Prague | Mama Shelter\" \/>\n<meta property=\"og:description\" content=\"U\u017eijte si p\u0159\u00edjemn\u00e9 ve\u010dery v Prague na terase Mama Shelter - ide\u00e1ln\u00ed na ve\u010de\u0159i nebo posezen\u00ed s drinkem. N\u00e1\u0161 usm\u011bvav\u00fd person\u00e1l na v\u00e1s ji\u017e \u010dek\u00e1.\" \/>\n<meta property=\"og:url\" content=\"https:\/\/cs.mamashelter.com\/prague\/jidlo-piti\/terasa\/\" \/>\n<meta property=\"og:site_name\" content=\"Prague\" \/>\n<meta property=\"article:modified_time\" content=\"2025-11-21T14:59:14+00:00\" \/>\n<meta name=\"twitter:card\" content=\"summary_large_image\" \/>\n<script type=\"application\/ld+json\" class=\"yoast-schema-graph\">{\"@context\":\"https:\/\/schema.org\",\"@graph\":[{\"@type\":\"WebPage\",\"@id\":\"https:\/\/cs.mamashelter.com\/prague\/jidlo-piti\/terasa\/\",\"url\":\"https:\/\/cs.mamashelter.com\/prague\/jidlo-piti\/terasa\/\",\"name\":\"Terasa: terasa s jedine\u010dn\u00fdm prost\u0159ed\u00edm v Prague | Mama Shelter\",\"isPartOf\":{\"@id\":\"https:\/\/cs.mamashelter.com\/prague\/#website\"},\"datePublished\":\"2020-11-04T17:03:06+00:00\",\"dateModified\":\"2025-11-21T14:59:14+00:00\",\"description\":\"U\u017eijte si p\u0159\u00edjemn\u00e9 ve\u010dery v Prague na terase Mama Shelter - ide\u00e1ln\u00ed na ve\u010de\u0159i nebo posezen\u00ed s drinkem. N\u00e1\u0161 usm\u011bvav\u00fd person\u00e1l na v\u00e1s ji\u017e \u010dek\u00e1.\",\"breadcrumb\":{\"@id\":\"https:\/\/cs.mamashelter.com\/prague\/jidlo-piti\/terasa\/#breadcrumb\"},\"inLanguage\":\"cs\",\"potentialAction\":[{\"@type\":\"ReadAction\",\"target\":[\"https:\/\/cs.mamashelter.com\/prague\/jidlo-piti\/terasa\/\"]}]},{\"@type\":\"BreadcrumbList\",\"@id\":\"https:\/\/cs.mamashelter.com\/prague\/jidlo-piti\/terasa\/#breadcrumb\",\"itemListElement\":[{\"@type\":\"ListItem\",\"position\":1,\"name\":\"Home\",\"item\":\"https:\/\/cs.mamashelter.com\/prague\/\"},{\"@type\":\"ListItem\",\"position\":2,\"name\":\"Jezte &amp; Pijte\",\"item\":\"https:\/\/cs.mamashelter.com\/prague\/eat-drink\/\"},{\"@type\":\"ListItem\",\"position\":3,\"name\":\"Terasa\"}]},{\"@type\":\"WebSite\",\"@id\":\"https:\/\/cs.mamashelter.com\/prague\/#website\",\"url\":\"https:\/\/cs.mamashelter.com\/prague\/\",\"name\":\"Prague\",\"description\":\"Mama Shelter\",\"potentialAction\":[{\"@type\":\"SearchAction\",\"target\":{\"@type\":\"EntryPoint\",\"urlTemplate\":\"https:\/\/cs.mamashelter.com\/prague\/?s={search_term_string}\"},\"query-input\":\"required name=search_term_string\"}],\"inLanguage\":\"cs\"}]}<\/script>\n<!-- \/ Yoast SEO plugin. -->","yoast_head_json":{"title":"Terasa: terasa s jedine\u010dn\u00fdm prost\u0159ed\u00edm v Prague | Mama Shelter","description":"U\u017eijte si p\u0159\u00edjemn\u00e9 ve\u010dery v Prague na terase Mama Shelter - ide\u00e1ln\u00ed na ve\u010de\u0159i nebo posezen\u00ed s drinkem. N\u00e1\u0161 usm\u011bvav\u00fd person\u00e1l na v\u00e1s ji\u017e \u010dek\u00e1.","robots":{"index":"index","follow":"follow","max-snippet":"max-snippet:-1","max-image-preview":"max-image-preview:large","max-video-preview":"max-video-preview:-1"},"canonical":"https:\/\/cs.mamashelter.com\/prague\/jidlo-piti\/terasa\/","og_locale":"cs_CZ","og_type":"article","og_title":"Terasa: terasa s jedine\u010dn\u00fdm prost\u0159ed\u00edm v Prague | Mama Shelter","og_description":"U\u017eijte si p\u0159\u00edjemn\u00e9 ve\u010dery v Prague na terase Mama Shelter - ide\u00e1ln\u00ed na ve\u010de\u0159i nebo posezen\u00ed s drinkem. N\u00e1\u0161 usm\u011bvav\u00fd person\u00e1l na v\u00e1s ji\u017e \u010dek\u00e1.","og_url":"https:\/\/cs.mamashelter.com\/prague\/jidlo-piti\/terasa\/","og_site_name":"Prague","article_modified_time":"2025-11-21T14:59:14+00:00","twitter_card":"summary_large_image","schema":{"@context":"https:\/\/schema.org","@graph":[{"@type":"WebPage","@id":"https:\/\/cs.mamashelter.com\/prague\/jidlo-piti\/terasa\/","url":"https:\/\/cs.mamashelter.com\/prague\/jidlo-piti\/terasa\/","name":"Terasa: terasa s jedine\u010dn\u00fdm prost\u0159ed\u00edm v Prague | Mama Shelter","isPartOf":{"@id":"https:\/\/cs.mamashelter.com\/prague\/#website"},"datePublished":"2020-11-04T17:03:06+00:00","dateModified":"2025-11-21T14:59:14+00:00","description":"U\u017eijte si p\u0159\u00edjemn\u00e9 ve\u010dery v Prague na terase Mama Shelter - ide\u00e1ln\u00ed na ve\u010de\u0159i nebo posezen\u00ed s drinkem. N\u00e1\u0161 usm\u011bvav\u00fd person\u00e1l na v\u00e1s ji\u017e \u010dek\u00e1.","breadcrumb":{"@id":"https:\/\/cs.mamashelter.com\/prague\/jidlo-piti\/terasa\/#breadcrumb"},"inLanguage":"cs","potentialAction":[{"@type":"ReadAction","target":["https:\/\/cs.mamashelter.com\/prague\/jidlo-piti\/terasa\/"]}]},{"@type":"BreadcrumbList","@id":"https:\/\/cs.mamashelter.com\/prague\/jidlo-piti\/terasa\/#breadcrumb","itemListElement":[{"@type":"ListItem","position":1,"name":"Home","item":"https:\/\/cs.mamashelter.com\/prague\/"},{"@type":"ListItem","position":2,"name":"Jezte &amp; Pijte","item":"https:\/\/cs.mamashelter.com\/prague\/eat-drink\/"},{"@type":"ListItem","position":3,"name":"Terasa"}]},{"@type":"WebSite","@id":"https:\/\/cs.mamashelter.com\/prague\/#website","url":"https:\/\/cs.mamashelter.com\/prague\/","name":"Prague","description":"Mama Shelter","potentialAction":[{"@type":"SearchAction","target":{"@type":"EntryPoint","urlTemplate":"https:\/\/cs.mamashelter.com\/prague\/?s={search_term_string}"},"query-input":"required name=search_term_string"}],"inLanguage":"cs"}]}},"jetpack_sharing_enabled":true,"_links":{"self":[{"href":"https:\/\/cs.mamashelter.com\/prague\/wp-json\/wp\/v2\/pages\/2637","targetHints":{"allow":["GET"]}}],"collection":[{"href":"https:\/\/cs.mamashelter.com\/prague\/wp-json\/wp\/v2\/pages"}],"about":[{"href":"https:\/\/cs.mamashelter.com\/prague\/wp-json\/wp\/v2\/types\/page"}],"author":[{"embeddable":true,"href":"https:\/\/cs.mamashelter.com\/prague\/wp-json\/wp\/v2\/users\/7"}],"replies":[{"embeddable":true,"href":"https:\/\/cs.mamashelter.com\/prague\/wp-json\/wp\/v2\/comments?post=2637"}],"version-history":[{"count":1,"href":"https:\/\/cs.mamashelter.com\/prague\/wp-json\/wp\/v2\/pages\/2637\/revisions"}],"predecessor-version":[{"id":5119,"href":"https:\/\/cs.mamashelter.com\/prague\/wp-json\/wp\/v2\/pages\/2637\/revisions\/5119"}],"up":[{"embeddable":true,"href":"https:\/\/cs.mamashelter.com\/prague\/wp-json\/wp\/v2\/pages\/2655"}],"wp:attachment":[{"href":"https:\/\/cs.mamashelter.com\/prague\/wp-json\/wp\/v2\/media?parent=2637"}],"curies":[{"name":"wp","href":"https:\/\/api.w.org\/{rel}","templated":true}]}}