{"id":2655,"date":"2020-11-04T17:57:04","date_gmt":"2020-11-04T17:57:04","guid":{"rendered":"https:\/\/mamashelter.com\/prague\/jezte-pijte\/"},"modified":"2025-11-21T14:58:57","modified_gmt":"2025-11-21T14:58:57","slug":"jidlo-piti","status":"publish","type":"page","link":"https:\/\/cs.mamashelter.com\/prague\/jidlo-piti\/","title":{"rendered":"Jezte &amp; Pijte"},"content":{"rendered":"","protected":false},"excerpt":{"rendered":"","protected":false},"author":7,"featured_media":0,"parent":0,"menu_order":54,"comment_status":"closed","ping_status":"closed","template":"","meta":{"footnotes":""},"class_list":["post-2655","page","type-page","status-publish","hentry"],"acf":[],"yoast_head":"<!-- This site is optimized with the Yoast SEO plugin v20.13 - https:\/\/yoast.com\/wordpress\/plugins\/seo\/ -->\n<title>Unik\u00e1tn\u00ed restaurace, bar, brunch a terasa v Prague | Mama Shelter<\/title>\n<meta name=\"description\" content=\"Objevte jedine\u010dnou restauraci, bar a terasu Mama Shelter Prague. Dom\u00e1c\u00ed j\u00eddla, pozdn\u00ed sn\u00eddan\u011b, koktejly ... rezervujte si V\u00e1\u0161 st\u016fl!\" \/>\n<meta name=\"robots\" content=\"index, follow, max-snippet:-1, max-image-preview:large, max-video-preview:-1\" \/>\n<link rel=\"canonical\" href=\"https:\/\/cs.mamashelter.com\/prague\/jidlo-piti\/\" \/>\n<meta property=\"og:locale\" content=\"cs_CZ\" \/>\n<meta property=\"og:type\" content=\"article\" \/>\n<meta property=\"og:title\" content=\"Unik\u00e1tn\u00ed restaurace, bar, brunch a terasa v Prague | Mama Shelter\" \/>\n<meta property=\"og:description\" content=\"Objevte jedine\u010dnou restauraci, bar a terasu Mama Shelter Prague. Dom\u00e1c\u00ed j\u00eddla, pozdn\u00ed sn\u00eddan\u011b, koktejly ... rezervujte si V\u00e1\u0161 st\u016fl!\" \/>\n<meta property=\"og:url\" content=\"https:\/\/cs.mamashelter.com\/prague\/jidlo-piti\/\" \/>\n<meta property=\"og:site_name\" content=\"Prague\" \/>\n<meta property=\"article:modified_time\" content=\"2025-11-21T14:58:57+00:00\" \/>\n<meta name=\"twitter:card\" content=\"summary_large_image\" \/>\n<script type=\"application\/ld+json\" class=\"yoast-schema-graph\">{\"@context\":\"https:\/\/schema.org\",\"@graph\":[{\"@type\":\"WebPage\",\"@id\":\"https:\/\/cs.mamashelter.com\/prague\/jidlo-piti\/\",\"url\":\"https:\/\/cs.mamashelter.com\/prague\/jidlo-piti\/\",\"name\":\"Unik\u00e1tn\u00ed restaurace, bar, brunch a terasa v Prague | Mama Shelter\",\"isPartOf\":{\"@id\":\"https:\/\/cs.mamashelter.com\/prague\/#website\"},\"datePublished\":\"2020-11-04T17:57:04+00:00\",\"dateModified\":\"2025-11-21T14:58:57+00:00\",\"description\":\"Objevte jedine\u010dnou restauraci, bar a terasu Mama Shelter Prague. Dom\u00e1c\u00ed j\u00eddla, pozdn\u00ed sn\u00eddan\u011b, koktejly ... rezervujte si V\u00e1\u0161 st\u016fl!\",\"breadcrumb\":{\"@id\":\"https:\/\/cs.mamashelter.com\/prague\/jidlo-piti\/#breadcrumb\"},\"inLanguage\":\"cs\",\"potentialAction\":[{\"@type\":\"ReadAction\",\"target\":[\"https:\/\/cs.mamashelter.com\/prague\/jidlo-piti\/\"]}]},{\"@type\":\"BreadcrumbList\",\"@id\":\"https:\/\/cs.mamashelter.com\/prague\/jidlo-piti\/#breadcrumb\",\"itemListElement\":[{\"@type\":\"ListItem\",\"position\":1,\"name\":\"Home\",\"item\":\"https:\/\/cs.mamashelter.com\/prague\/\"},{\"@type\":\"ListItem\",\"position\":2,\"name\":\"Jezte &amp; Pijte\"}]},{\"@type\":\"WebSite\",\"@id\":\"https:\/\/cs.mamashelter.com\/prague\/#website\",\"url\":\"https:\/\/cs.mamashelter.com\/prague\/\",\"name\":\"Prague\",\"description\":\"Mama Shelter\",\"potentialAction\":[{\"@type\":\"SearchAction\",\"target\":{\"@type\":\"EntryPoint\",\"urlTemplate\":\"https:\/\/cs.mamashelter.com\/prague\/?s={search_term_string}\"},\"query-input\":\"required name=search_term_string\"}],\"inLanguage\":\"cs\"}]}<\/script>\n<!-- \/ Yoast SEO plugin. -->","yoast_head_json":{"title":"Unik\u00e1tn\u00ed restaurace, bar, brunch a terasa v Prague | Mama Shelter","description":"Objevte jedine\u010dnou restauraci, bar a terasu Mama Shelter Prague. Dom\u00e1c\u00ed j\u00eddla, pozdn\u00ed sn\u00eddan\u011b, koktejly ... rezervujte si V\u00e1\u0161 st\u016fl!","robots":{"index":"index","follow":"follow","max-snippet":"max-snippet:-1","max-image-preview":"max-image-preview:large","max-video-preview":"max-video-preview:-1"},"canonical":"https:\/\/cs.mamashelter.com\/prague\/jidlo-piti\/","og_locale":"cs_CZ","og_type":"article","og_title":"Unik\u00e1tn\u00ed restaurace, bar, brunch a terasa v Prague | Mama Shelter","og_description":"Objevte jedine\u010dnou restauraci, bar a terasu Mama Shelter Prague. Dom\u00e1c\u00ed j\u00eddla, pozdn\u00ed sn\u00eddan\u011b, koktejly ... rezervujte si V\u00e1\u0161 st\u016fl!","og_url":"https:\/\/cs.mamashelter.com\/prague\/jidlo-piti\/","og_site_name":"Prague","article_modified_time":"2025-11-21T14:58:57+00:00","twitter_card":"summary_large_image","schema":{"@context":"https:\/\/schema.org","@graph":[{"@type":"WebPage","@id":"https:\/\/cs.mamashelter.com\/prague\/jidlo-piti\/","url":"https:\/\/cs.mamashelter.com\/prague\/jidlo-piti\/","name":"Unik\u00e1tn\u00ed restaurace, bar, brunch a terasa v Prague | Mama Shelter","isPartOf":{"@id":"https:\/\/cs.mamashelter.com\/prague\/#website"},"datePublished":"2020-11-04T17:57:04+00:00","dateModified":"2025-11-21T14:58:57+00:00","description":"Objevte jedine\u010dnou restauraci, bar a terasu Mama Shelter Prague. Dom\u00e1c\u00ed j\u00eddla, pozdn\u00ed sn\u00eddan\u011b, koktejly ... rezervujte si V\u00e1\u0161 st\u016fl!","breadcrumb":{"@id":"https:\/\/cs.mamashelter.com\/prague\/jidlo-piti\/#breadcrumb"},"inLanguage":"cs","potentialAction":[{"@type":"ReadAction","target":["https:\/\/cs.mamashelter.com\/prague\/jidlo-piti\/"]}]},{"@type":"BreadcrumbList","@id":"https:\/\/cs.mamashelter.com\/prague\/jidlo-piti\/#breadcrumb","itemListElement":[{"@type":"ListItem","position":1,"name":"Home","item":"https:\/\/cs.mamashelter.com\/prague\/"},{"@type":"ListItem","position":2,"name":"Jezte &amp; Pijte"}]},{"@type":"WebSite","@id":"https:\/\/cs.mamashelter.com\/prague\/#website","url":"https:\/\/cs.mamashelter.com\/prague\/","name":"Prague","description":"Mama Shelter","potentialAction":[{"@type":"SearchAction","target":{"@type":"EntryPoint","urlTemplate":"https:\/\/cs.mamashelter.com\/prague\/?s={search_term_string}"},"query-input":"required name=search_term_string"}],"inLanguage":"cs"}]}},"jetpack_sharing_enabled":true,"_links":{"self":[{"href":"https:\/\/cs.mamashelter.com\/prague\/wp-json\/wp\/v2\/pages\/2655","targetHints":{"allow":["GET"]}}],"collection":[{"href":"https:\/\/cs.mamashelter.com\/prague\/wp-json\/wp\/v2\/pages"}],"about":[{"href":"https:\/\/cs.mamashelter.com\/prague\/wp-json\/wp\/v2\/types\/page"}],"author":[{"embeddable":true,"href":"https:\/\/cs.mamashelter.com\/prague\/wp-json\/wp\/v2\/users\/7"}],"replies":[{"embeddable":true,"href":"https:\/\/cs.mamashelter.com\/prague\/wp-json\/wp\/v2\/comments?post=2655"}],"version-history":[{"count":1,"href":"https:\/\/cs.mamashelter.com\/prague\/wp-json\/wp\/v2\/pages\/2655\/revisions"}],"predecessor-version":[{"id":5112,"href":"https:\/\/cs.mamashelter.com\/prague\/wp-json\/wp\/v2\/pages\/2655\/revisions\/5112"}],"wp:attachment":[{"href":"https:\/\/cs.mamashelter.com\/prague\/wp-json\/wp\/v2\/media?parent=2655"}],"curies":[{"name":"wp","href":"https:\/\/api.w.org\/{rel}","templated":true}]}}